{"id":605,"date":"2020-04-30T21:59:17","date_gmt":"2020-05-01T00:59:17","guid":{"rendered":"https:\/\/senna.pro.br\/wp\/?page_id=605"},"modified":"2024-03-16T11:49:56","modified_gmt":"2024-03-16T14:49:56","slug":"gp-projetos","status":"publish","type":"page","link":"https:\/\/senna.pro.br\/wp\/gplinguagem_new\/gp-projetos\/","title":{"rendered":"gp \/ Projetos"},"content":{"rendered":"\n<figure class=\"wp-block-image size-large is-resized\" id=\"Topo\"><img loading=\"lazy\" decoding=\"async\" width=\"1024\" height=\"87\" src=\"https:\/\/senna.pro.br\/wp\/wp-content\/uploads\/2024\/03\/grupo_faixa_url-1024x87.jpg\" alt=\"\" class=\"wp-image-1538\" style=\"aspect-ratio:11.770114942528735;width:1216px;height:auto\" srcset=\"https:\/\/senna.pro.br\/wp\/wp-content\/uploads\/2024\/03\/grupo_faixa_url-1024x87.jpg 1024w, https:\/\/senna.pro.br\/wp\/wp-content\/uploads\/2024\/03\/grupo_faixa_url-300x26.jpg 300w, https:\/\/senna.pro.br\/wp\/wp-content\/uploads\/2024\/03\/grupo_faixa_url-768x65.jpg 768w, https:\/\/senna.pro.br\/wp\/wp-content\/uploads\/2024\/03\/grupo_faixa_url-1536x131.jpg 1536w, https:\/\/senna.pro.br\/wp\/wp-content\/uploads\/2024\/03\/grupo_faixa_url-2048x175.jpg 2048w\" sizes=\"auto, (max-width: 1024px) 100vw, 1024px\" \/><\/figure>\n\n\n\n<div class=\"wp-block-buttons is-content-justification-center is-layout-flex wp-container-core-buttons-is-layout-a89b3969 wp-block-buttons-is-layout-flex\">\n<div class=\"wp-block-button\"><a class=\"wp-block-button__link has-white-color has-cyan-bluish-gray-background-color has-text-color has-background wp-element-button\" href=\"http:\/\/www.proped.pro.br\" style=\"border-radius:67px\">ProPEd<\/a><\/div>\n\n\n\n<div class=\"wp-block-button\"><a class=\"wp-block-button__link has-white-color has-cyan-bluish-gray-background-color has-text-color has-background wp-element-button\" href=\"https:\/\/senna.pro.br\/wp\/gplinguagem_new\/gp-linhas-ciclos\/\" style=\"border-radius:93px\"><strong>Linhas e Ciclos de Pesquisa<\/strong><\/a><\/div>\n\n\n\n<div class=\"wp-block-button\"><a class=\"wp-block-button__link has-white-color has-black-background-color has-text-color has-background wp-element-button\" href=\"https:\/\/senna.pro.br\/wp\/gplinguagem_new\/gp-projetos\/\" style=\"border-radius:67px\"><strong>Projetos em Desenvolvimento<\/strong><\/a><\/div>\n\n\n\n<div class=\"wp-block-button\"><a class=\"wp-block-button__link has-white-color has-cyan-bluish-gray-background-color has-text-color has-background wp-element-button\" href=\"https:\/\/dgp.cnpq.br\/dgp\/espelhogrupo\/9213\" style=\"border-radius:67px\">DGP<\/a><\/div>\n\n\n\n<div class=\"wp-block-button has-custom-font-size has-small-font-size\"><a class=\"wp-block-button__link has-white-color has-cyan-bluish-gray-background-color has-text-color has-background wp-element-button\" href=\"https:\/\/senna.pro.br\/wp\/gplinguagem_new\/gp-projects-en\/\" style=\"border-radius:15px\"><em>English <\/em><br><em>Version<\/em><\/a><\/div>\n<\/div>\n\n\n\n<div class=\"wp-block-buttons is-content-justification-center is-layout-flex wp-container-core-buttons-is-layout-a89b3969 wp-block-buttons-is-layout-flex\">\n<div class=\"wp-block-button\"><a class=\"wp-block-button__link has-black-color has-cyan-bluish-gray-background-color has-text-color has-background wp-element-button\"><strong>Projetos de Pesquisa e Programas de Forma\u00e7\u00e3o e Desenvolviment<\/strong>o<\/a><\/div>\n<\/div>\n\n\n\n<p><\/p>\n\n\n\n<div class=\"wp-block-buttons is-content-justification-center is-layout-flex wp-container-core-buttons-is-layout-a89b3969 wp-block-buttons-is-layout-flex\">\n<div class=\"wp-block-button has-custom-font-size has-small-font-size\"><a class=\"wp-block-button__link has-black-color has-cyan-bluish-gray-background-color has-text-color has-background wp-element-button\" href=\"#Formadores\"><strong>Projetos Formadores<\/strong><br><em>Leading Projects<\/em><\/a><\/div>\n\n\n\n<div class=\"wp-block-button has-custom-font-size has-small-font-size\"><a class=\"wp-block-button__link has-black-color has-cyan-bluish-gray-background-color has-text-color has-background wp-element-button\" href=\"#FormadoresDoutorado\"><strong>Projetos de Forma\u00e7\u00e3o<\/strong><br><em>Doutorado<\/em><\/a><\/div>\n\n\n\n<div class=\"wp-block-button has-custom-font-size has-small-font-size\"><a class=\"wp-block-button__link has-black-color has-cyan-bluish-gray-background-color has-text-color has-background wp-element-button\" href=\"#FormadoresMestrado\"><strong>Projetos de Forma\u00e7\u00e3o<\/strong><br><em>Mestrado<\/em><\/a><\/div>\n<\/div>\n\n\n\n<div class=\"wp-block-columns is-layout-flex wp-container-core-columns-is-layout-28f84493 wp-block-columns-is-layout-flex\">\n<div class=\"wp-block-column is-layout-flow wp-block-column-is-layout-flow\"><\/div>\n\n\n\n<div class=\"wp-block-column is-layout-flow wp-block-column-is-layout-flow\"><\/div>\n<\/div>\n\n\n\n<hr class=\"wp-block-separator has-alpha-channel-opacity\"\/>\n\n\n\n<p class=\"has-cyan-bluish-gray-color has-text-color has-large-font-size\"><strong>Projetos de Forma\u00e7\u00e3o<\/strong><\/p>\n\n\n<h6 class=\"Body P-1\" style=\"text-align: left;\"><span style=\"color: #808080;\"><span class=\"C-1\">S\u00e3o chamados formadores os projetos desenvolvidos pelos pesquisadores graduados do grupo, a partir dos quais se produzem os argumentos que determinam o desenvolvimento dos conceitos centrais em cada ciclo de estudos. <\/span><span class=\"C-1\">A hist\u00f3ria do grupo de pesquisa \u00e9 marcada pela sucess\u00e3o de projetos formadores, que t\u00eam concorrido para a caracteriza\u00e7\u00e3o do conceito de letramento, do sujeito cognoscente objeto do letramento no contexto escolar brasileiro (alunos e professores) e dos fatores orbitais diretamente relacionados \u00e0s pr\u00e1ticas de letramento no ensino fundamental, m\u00e9dio e superior. <\/span><span class=\"C-1\">Os projetos formadores recebem esta designa\u00e7\u00e3o por se tratarem dos marcos com base nos quais os pesquisadores do grupo se articulam \u00e0s atividades de estudos e de investiga\u00e7\u00e3o, ou integram seus programas de forma\u00e7\u00e3o p\u00f3s-<wbr \/>graduada. No entanto, ressalve-<wbr \/>se, somente os membros oriundos de cursos de gradua\u00e7\u00e3o desenvolvem atividades no \u00e2mbito dos projetos de seus respectivos orientadores, pois os pesquisadores em forma\u00e7\u00e3o p\u00f3s-<wbr \/>graduada desenvolvem seus pr\u00f3prios projetos sob orienta\u00e7\u00e3o acad\u00eamica de um pesquisador graduado.<br \/><\/span><span class=\"C-1\">Os projetos coordenados pelo l\u00edder do grupo definem o perfil conceitual de cada ciclo de pesquisas, assegurando, deste modo, articula\u00e7\u00e3o e coer\u00eancia entre os demais trabalhos em desenvolvimento.<\/span><\/span><\/h6>\n<p style=\"padding-left: 80px;\"><em>Formative projects are those under development by graduate resident researchers, each of which concerned with some basic conceptual issue related to ordinary objects of research group. Our history has brought a succession of formative projects, which have contributed to the characterization of the concept of literacy, the subject actors of literacy in Brazilian schools (students and teachers) and the orbital factors directly impacting literacy practices in primary, secondary and higher education. Leader\u00b4s sequential projects define the conceptual profile of each research cycle and ensure articulation and coherence among all other formative and training projects or programs.<\/em><\/p>\n\n\n<hr class=\"wp-block-separator has-css-opacity\"\/>\n\n\n\n<div class=\"wp-block-group is-layout-flow wp-block-group-is-layout-flow\">\n<h2 class=\"wp-block-heading\">Luiz Antonio Gomes Senna <a href=\"http:\/\/lattes.cnpq.br\/8541753054778705\"><img loading=\"lazy\" decoding=\"async\" width=\"85\" height=\"17\" class=\"wp-image-1159\" style=\"width: 85px;\" src=\"https:\/\/senna.pro.br\/wp\/wp-content\/uploads\/2022\/03\/lattes-1.gif\" alt=\"\"><\/a><\/h2>\n\n\n\n<blockquote class=\"wp-block-quote is-layout-flow wp-block-quote-is-layout-flow\">\n<p>I. O subjetivo da educa\u00e7\u00e3o inclusiva &#8211; Vozes identit\u00e1rias na cultura escolar<br><sup>The subjective of inclusive education &#8211; Identitary voices in school culture)<\/sup><br>II. Predica\u00e7\u00e3o e bilinguismo cultural &#8211; propriedades sint\u00e1tico-funcionais do processo de predica\u00e7\u00e3o na  fala, nas l\u00ednguas escritas alfab\u00e9ticas e nas l\u00ednguas de sinais<br><sup>Predication and cultural bilingualism &#8211; syntactic-functional properties of predicative process in speech, written alphabetical languages and signal languages<\/sup><\/p>\n<cite>V\u00ednculo: UERJ &#8211; Programa de P\u00f3s-Gradua\u00e7\u00e3o em Educa\u00e7\u00e3o<br>Aux\u00edlios \/ Grants: UERJ\/PROCIENCIA; FAPERJ\/CNE; CECIERJ\/CEDERJ<br>doutor em lingu\u00edstica aplicada (PUC-rio)<br>orientador de doutorado e mestrado<\/cite><\/blockquote>\n<\/div>\n\n\n\n<hr class=\"wp-block-separator has-css-opacity\"\/>\n\n\n\n<div class=\"wp-block-group is-layout-flow wp-block-group-is-layout-flow\">\n<h2 class=\"wp-block-heading\">Maria Leticia Cautela Machado <a href=\"http:\/\/lattes.cnpq.br\/9765502735190900\"><img loading=\"lazy\" decoding=\"async\" width=\"85\" height=\"17\" class=\"wp-image-1159\" style=\"width: 85px;\" src=\"https:\/\/senna.pro.br\/wp\/wp-content\/uploads\/2022\/03\/lattes-1.gif\" alt=\"Link curr\u00edculo Lattes\"><\/a><\/h2>\n\n\n\n<blockquote class=\"wp-block-quote is-layout-flow wp-block-quote-is-layout-flow\">\n<p>Forma\u00e7\u00e3o de professores  alfabetizadores em contextos de diversidade: entre pol\u00edticas e pr\u00e1ticas curriculares<br><sub>Literacy teachers formation in contexts of diversity: between curricular policies and practices <\/sub><\/p>\n<cite>V\u00ednculo: UERJ &#8211; programa de p\u00f3s-gradua\u00e7\u00e3o em Educa\u00e7\u00e3o<br>Aux\u00edlios \/ Grants: UAB\/CEDERJ &#8211; UERJ: ProCIENCIA<br>doutora em educa\u00e7\u00e3o (UERJ)<br>orientadora de mestrado<\/cite><\/blockquote>\n\n\n\n<p><\/p>\n<\/div>\n\n\n\n<hr class=\"wp-block-separator has-css-opacity\"\/>\n\n\n\n<div class=\"wp-block-group is-layout-flow wp-block-group-is-layout-flow\">\n<h2 class=\"wp-block-heading\">Janaina Moreira P. de Souza <a href=\"http:\/\/lattes.cnpq.br\/6087722491644839\"><img loading=\"lazy\" decoding=\"async\" width=\"85\" height=\"17\" class=\"wp-image-1159\" style=\"width: 85px;\" src=\"https:\/\/senna.pro.br\/wp\/wp-content\/uploads\/2022\/03\/lattes-1.gif\" alt=\"Link curr\u00edculo Lattes\"><\/a><\/h2>\n\n\n\n<blockquote class=\"wp-block-quote is-layout-flow wp-block-quote-is-layout-flow\">\n<p>Culturas em contato no processo de letramento: educa\u00e7\u00e3o e processos migrat\u00f3rios<br><sup>Cultures in contact in literacy process: education and migratory processes<\/sup><\/p>\n<cite>V\u00ednculo: UERJ &#8211; Programa de p\u00f3s-gradua\u00e7\u00e3o em educa\u00e7\u00e3o<br>Aux\u00edlios: CECIERJ\/CEDERJ; UERJ: Prodocencia<br>doutora em educa\u00e7\u00e3o (UERJ)<\/cite><\/blockquote>\n<\/div>\n\n\n\n<hr class=\"wp-block-separator has-css-opacity\"\/>\n\n\n\n<div class=\"wp-block-group is-layout-flow wp-block-group-is-layout-flow\">\n<h2 class=\"wp-block-heading\">Paula Almeida de Castro <a href=\"http:\/\/lattes.cnpq.br\/7813446738576212\"><img loading=\"lazy\" decoding=\"async\" width=\"85\" height=\"17\" class=\"wp-image-1159\" style=\"width: 85px;\" src=\"https:\/\/senna.pro.br\/wp\/wp-content\/uploads\/2022\/03\/lattes-1.gif\" alt=\"Link curr\u00edculo Lattes\"><\/a><\/h2>\n\n\n\n<blockquote class=\"wp-block-quote is-layout-flow wp-block-quote-is-layout-flow\">\n<p>Ferramentas digitais para a forma\u00e7\u00e3o de professores<br><sup>Digital tools for teachers formation<\/sup><\/p>\n<cite>V\u00ednculo: UEPB &#8211; Programa de P\u00f3s-Gradua\u00e7\u00e3o em Forma\u00e7\u00e3o de Professores<br>doutora em educa\u00e7\u00e3o (UERJ)<br>orientadora de mestrado<\/cite><\/blockquote>\n<\/div>\n\n\n\n<hr class=\"wp-block-separator has-css-opacity\"\/>\n\n\n\n<div class=\"wp-block-group is-layout-flow wp-block-group-is-layout-flow\">\n<h2 class=\"wp-block-heading\" id=\"block-53496b49-a009-46c9-9349-3bf12c91c95d\">Angela Maria dos Santos Rufino <a href=\"http:\/\/lattes.cnpq.br\/3411371046100058\"><img loading=\"lazy\" decoding=\"async\" width=\"75\" height=\"15\" class=\"wp-image-1159\" style=\"width: 75px;\" src=\"https:\/\/senna.pro.br\/wp\/wp-content\/uploads\/2022\/03\/lattes-1.gif\" alt=\"Link curr\u00edculo Lattes\"><\/a><\/h2>\n\n\n\n<blockquote class=\"wp-block-quote is-layout-flow wp-block-quote-is-layout-flow\">\n<p>Tecnologias digitais e o letramento em popula\u00e7\u00f5es ind\u00edgenas<br><sup>Digital technologies and literacy among indigenous peoples<\/sup><\/p>\n<cite>V\u00ednculo: Universidade Federal do Acre<br>Doutora em Educa\u00e7\u00e3o (UERJ)<br>orientadora de mestrado<\/cite><\/blockquote>\n\n\n\n<hr class=\"wp-block-separator has-alpha-channel-opacity\"\/>\n\n\n\n<h2 class=\"wp-block-heading\">Ezer Welington Gomes Lima<\/h2>\n\n\n\n<blockquote class=\"wp-block-quote is-layout-flow wp-block-quote-is-layout-flow\">\n<p>Produ\u00e7\u00f5es acad\u00eamicas acerca do ensino de surdos: uma revis\u00e3o bibliogr\u00e1fica.<br><sup>Academic production on Deaf education: a bibliographic survey <\/sup><\/p>\n<cite>Vinculo: Universidade federal de rondon\u00f3polis<br>doutor em educa\u00e7\u00e3o (UERJ)<br>Orientador de mestrado<\/cite><\/blockquote>\n<\/div>\n\n\n\n<hr class=\"wp-block-separator has-css-opacity\"\/>\n\n\n<p><a href=\"#Topo\">Retornar ao topo.<\/a><\/p>\n\n\n<hr class=\"wp-block-separator has-css-opacity\"\/>\n\n\n\n<hr class=\"wp-block-separator has-css-opacity\"\/>\n\n\n\n<p class=\"has-cyan-bluish-gray-color has-text-color has-large-font-size\" id=\"FormadoresDoutorado\"><strong>Projetos Formadores<\/strong> &#8211; Programas de Doutoramento<\/p>\n\n\n<h6><span style=\"color: #808080;\">Os projetos de forma\u00e7\u00e3o incluem todos os programas individuais de doutorado e mestrado em desenvolvimento no grupo de pesquisa, sob supervis\u00e3o de um dos professores com projetos formadores ativos.<\/span><\/h6>\n<p style=\"padding-left: 80px;\"><em>Training projects are hold by researchers in doctoral and master&#8217;s programs, under the supervision of one of the supervisors with active formative projects.<\/em><\/p>\n\n\n<hr class=\"wp-block-separator has-css-opacity\"\/>\n\n\n\n<div class=\"wp-block-group is-layout-flow wp-block-group-is-layout-flow\">\n<h2 class=\"wp-block-heading\">Jo\u00e3o dos Santos Barros  <sup>Titulado: 2024<\/sup><\/h2>\n\n\n\n<blockquote class=\"wp-block-quote is-layout-flow wp-block-quote-is-layout-flow\">\n<p>Letramento em regi\u00f5es de fronteira: a inclus\u00e3o escolar de imigrantes venezuelanos em escolas da rede p\u00fablica em Roraima<br><sup>Literacy in border regions: school inclusion of Venezuelan immigrants in Roraima public schools<\/sup><\/p>\n<cite>Doutorado em Educa\u00e7\u00e3o &#8211; Superv.: SENNA, Luiz A G \/ Aux\u00edlios \/ Grants: FAPERJ<\/cite><\/blockquote>\n<\/div>\n\n\n\n<hr class=\"wp-block-separator has-css-opacity\"\/>\n\n\n\n<div class=\"wp-block-group is-layout-flow wp-block-group-is-layout-flow\">\n<h2 class=\"wp-block-heading\">Loide Leite Arag\u00e3o Pinto <sup>Titulado: 2024<\/sup><\/h2>\n\n\n\n<blockquote class=\"wp-block-quote is-layout-flow wp-block-quote-is-layout-flow\">\n<p>O texto e o desenvolvimento da escrita na educa\u00e7\u00e3o de surdos: narrativas de vida e bilinguismo cultural<br><sup>Text and writting skills development in deaf edcuation: narratives of life and cultural bilingualism<\/sup><\/p>\n<cite>V\u00ednculo: instituto federal fluminense (IFF)<br>Doutorado em Educa\u00e7\u00e3o &#8211; Superv.: SENNA, Luiz A G<\/cite><\/blockquote>\n\n\n\n<hr class=\"wp-block-separator has-css-opacity\"\/>\n\n\n\n<h2 class=\"wp-block-heading\">Silvia Maria de Souza Figueiredo<\/h2>\n\n\n\n<blockquote class=\"wp-block-quote is-layout-flow wp-block-quote-is-layout-flow\">\n<p>Processos sociais e escolares de inclus\u00e3o na educa\u00e7\u00e3o especial<br><sup>Social and schooling processes of inclusion in special education<\/sup><\/p>\n<cite>v\u00ednculo: professor bolsista da funda\u00e7\u00e3o cecierj\/cederj<br>doutorado em educa\u00e7\u00e3o &#8211; superv.: senna.luiz a g<\/cite><\/blockquote>\n\n\n\n<hr class=\"wp-block-separator has-alpha-channel-opacity\"\/>\n\n\n\n<h2 class=\"wp-block-heading\">Fernanda Silva de Oliveira<\/h2>\n\n\n\n<blockquote class=\"wp-block-quote is-layout-flow wp-block-quote-is-layout-flow\">\n<p>O aluno imigrante na escola p\u00fablica  do Rio de Janeiro<br><sup>The immigrant student in Rio de Janeiro public schools<\/sup><\/p>\n<cite>v\u00ednculo: Secretaria municipal de educa\u00e7\u00e3o do rio de janeiro<br>doutorado em educa\u00e7\u00e3o &#8211; superv.: senna.luiz a g<\/cite><\/blockquote>\n<\/div>\n\n\n\n<hr class=\"wp-block-separator has-alpha-channel-opacity\"\/>\n\n\n\n<h2 class=\"wp-block-heading\">Dandara Cristina Concei\u00e7\u00e3o de Paula<\/h2>\n\n\n\n<blockquote class=\"wp-block-quote is-layout-flow wp-block-quote-is-layout-flow\">\n<p>Forma\u00e7\u00e3o de professores, alfabetiza\u00e7\u00e3o e educa\u00e7\u00e3o de surdos<br><sup>Teachers formation, literacy and deaf education<\/sup><\/p>\n<cite>V\u00cdNCULO: Tutor Bolsista &#8211; Instituto nacional de educa\u00e7\u00e3o dos surdos (INES)<br>doutorado em educa\u00e7\u00e3o &#8211; superv.: senna, luiz a g<\/cite><\/blockquote>\n\n\n\n<hr class=\"wp-block-separator has-alpha-channel-opacity\"\/>\n\n\n\n<h2 class=\"wp-block-heading\">Mariana de Oliveira Martins Domingues<\/h2>\n\n\n\n<blockquote class=\"wp-block-quote is-layout-flow wp-block-quote-is-layout-flow\">\n<p>Cultura escrita e desenvolvimento na educa\u00e7\u00e3o do cego<br><sup>Written culture and development in blind education<\/sup><\/p>\n<cite>v\u00ednculo: instituto benjamin constant<br>doutorado em educa\u00e7\u00e3o &#8211; superv.: senna, luiz a g<\/cite><\/blockquote>\n\n\n\n<p><a href=\"#Topo\">Retornar ao topo<\/a><\/p>\n\n\n\n<div class=\"wp-block-group is-layout-flow wp-block-group-is-layout-flow\">\n<hr class=\"wp-block-separator has-alpha-channel-opacity\"\/>\n<\/div>\n\n\n\n<p class=\"has-cyan-bluish-gray-color has-text-color has-large-font-size\" id=\"FormadoresMestrado\"><strong>Projetos Formadores <\/strong>&#8211; Programas de Mestrado<\/p>\n\n\n\n<div class=\"wp-block-group is-layout-flow wp-block-group-is-layout-flow\">\n<hr class=\"wp-block-separator has-css-opacity\"\/>\n\n\n\n<h2 class=\"wp-block-heading\">Dirlan Justino Lece da Silva<\/h2>\n\n\n\n<blockquote class=\"wp-block-quote is-layout-flow wp-block-quote-is-layout-flow\">\n<p>O desenvolvimento da representa\u00e7\u00e3o especial na educa\u00e7\u00e3o do deficiente visual<br><sup>The development of space representation in visally impaired education<\/sup><\/p>\n<cite>mestrado em educa\u00e7\u00e3o &#8211; superv.: senna, luiz a g<\/cite><\/blockquote>\n\n\n\n<hr class=\"wp-block-separator has-css-opacity\"\/>\n\n\n\n<hr class=\"wp-block-separator has-alpha-channel-opacity\"\/>\n\n\n\n<h2 class=\"wp-block-heading\">Silvia Viana de Oliveira Clemente<\/h2>\n\n\n\n<blockquote class=\"wp-block-quote is-layout-flow wp-block-quote-is-layout-flow\">\n<p>Subjetividade, forma\u00e7\u00e3o e inclus\u00e3o escolar <br><sup>Subjectivity, formation and shool inclusion<\/sup><\/p>\n<cite>v\u00ednculo: secretaria municipal de educa\u00e7\u00e3o de Duque de caxias<br>Mestrado em Educa\u00e7\u00e3o &#8211; Superv.: SENNA, Luiz A G<\/cite><\/blockquote>\n<\/div>\n\n\n\n<hr class=\"wp-block-separator has-alpha-channel-opacity\"\/>\n\n\n\n<hr class=\"wp-block-separator has-css-opacity\"\/>\n\n\n\n<h2 class=\"wp-block-heading\">Luana da Silva de Ara\u00fajo Juliano<\/h2>\n\n\n\n<blockquote class=\"wp-block-quote is-layout-flow wp-block-quote-is-layout-flow\">\n<p>Bilinguismo cultural na educa\u00e7\u00e3o da pessoa surda<br><sup>Cultural bilingualism in deaf people education<\/sup><\/p>\n<cite>Bolsista: Funda\u00e7\u00e3o FAPERJ<br>mestrado em educa\u00e7\u00e3o &#8211; Superv.: SENNA, Luiz A G<\/cite><\/blockquote>\n\n\n\n<hr class=\"wp-block-separator has-alpha-channel-opacity\"\/>\n\n\n\n<h2 class=\"wp-block-heading\">Ramon Ferreira Damasceno<\/h2>\n\n\n\n<blockquote class=\"wp-block-quote is-layout-flow wp-block-quote-is-layout-flow\">\n<p>Letramento e gamifica\u00e7\u00e3o na educa\u00e7\u00e3o de surdos<br><sup>Literacy and gamification in deaf education<\/sup><\/p>\n<cite>v\u00ednculo: Instituto Federal de Educa\u00e7\u00e3o, Ci\u00eancia e Tecnologia do Rio de Janeiro &#8211; IFRJ<br>mestrado em educa\u00e7\u00e3o &#8211; superv.: senna, Luiz A g<\/cite><\/blockquote>\n\n\n<p><a href=\"#Topo\">Retornar ao topo.<\/a><\/p>\n\n\n<p><\/p>\n","protected":false},"excerpt":{"rendered":"<p>Projetos de Forma\u00e7\u00e3o S\u00e3o chamados formadores os projetos desenvolvidos pelos pesquisadores graduados do grupo, a partir dos quais se produzem os argumentos que determinam o desenvolvimento dos conceitos centrais em cada ciclo de estudos. A hist\u00f3ria do grupo de pesquisa<\/p>\n","protected":false},"author":1,"featured_media":0,"parent":1345,"menu_order":0,"comment_status":"closed","ping_status":"closed","template":"","meta":{"footnotes":""},"class_list":["post-605","page","type-page","status-publish","hentry","","tg-column-two"],"_links":{"self":[{"href":"https:\/\/senna.pro.br\/wp\/wp-json\/wp\/v2\/pages\/605","targetHints":{"allow":["GET"]}}],"collection":[{"href":"https:\/\/senna.pro.br\/wp\/wp-json\/wp\/v2\/pages"}],"about":[{"href":"https:\/\/senna.pro.br\/wp\/wp-json\/wp\/v2\/types\/page"}],"author":[{"embeddable":true,"href":"https:\/\/senna.pro.br\/wp\/wp-json\/wp\/v2\/users\/1"}],"replies":[{"embeddable":true,"href":"https:\/\/senna.pro.br\/wp\/wp-json\/wp\/v2\/comments?post=605"}],"version-history":[{"count":49,"href":"https:\/\/senna.pro.br\/wp\/wp-json\/wp\/v2\/pages\/605\/revisions"}],"predecessor-version":[{"id":1566,"href":"https:\/\/senna.pro.br\/wp\/wp-json\/wp\/v2\/pages\/605\/revisions\/1566"}],"up":[{"embeddable":true,"href":"https:\/\/senna.pro.br\/wp\/wp-json\/wp\/v2\/pages\/1345"}],"wp:attachment":[{"href":"https:\/\/senna.pro.br\/wp\/wp-json\/wp\/v2\/media?parent=605"}],"curies":[{"name":"wp","href":"https:\/\/api.w.org\/{rel}","templated":true}]}}