{"id":1254,"date":"2022-11-29T22:51:57","date_gmt":"2022-11-30T01:51:57","guid":{"rendered":"https:\/\/senna.pro.br\/wp\/?page_id=1254"},"modified":"2022-12-08T14:52:01","modified_gmt":"2022-12-08T17:52:01","slug":"laborat","status":"publish","type":"page","link":"https:\/\/senna.pro.br\/wp\/laborat\/","title":{"rendered":"Laborat &#8211; Linguagens e Ambientes de Aprendizagem Hipertextual"},"content":{"rendered":"<p style=\"text-align: center;\"><img loading=\"lazy\" decoding=\"async\" class=\"alignnone  wp-image-1297\" src=\"https:\/\/senna.pro.br\/wp\/wp-content\/uploads\/2022\/12\/port_ingl-1-300x300.png\" alt=\"\" width=\"48\" height=\"48\" srcset=\"https:\/\/senna.pro.br\/wp\/wp-content\/uploads\/2022\/12\/port_ingl-1-300x300.png 300w, https:\/\/senna.pro.br\/wp\/wp-content\/uploads\/2022\/12\/port_ingl-1-150x150.png 150w, https:\/\/senna.pro.br\/wp\/wp-content\/uploads\/2022\/12\/port_ingl-1-270x270.png 270w, https:\/\/senna.pro.br\/wp\/wp-content\/uploads\/2022\/12\/port_ingl-1-230x230.png 230w, https:\/\/senna.pro.br\/wp\/wp-content\/uploads\/2022\/12\/port_ingl-1.png 591w\" sizes=\"auto, (max-width: 48px) 100vw, 48px\" \/>\u00a0<img loading=\"lazy\" decoding=\"async\" class=\"alignnone  wp-image-1285\" src=\"https:\/\/senna.pro.br\/wp\/wp-content\/uploads\/2022\/12\/laborat_logo-300x107.png\" alt=\"\" width=\"134\" height=\"48\" srcset=\"https:\/\/senna.pro.br\/wp\/wp-content\/uploads\/2022\/12\/laborat_logo-300x107.png 300w, https:\/\/senna.pro.br\/wp\/wp-content\/uploads\/2022\/12\/laborat_logo-1024x365.png 1024w, https:\/\/senna.pro.br\/wp\/wp-content\/uploads\/2022\/12\/laborat_logo-768x274.png 768w, https:\/\/senna.pro.br\/wp\/wp-content\/uploads\/2022\/12\/laborat_logo-1536x548.png 1536w, https:\/\/senna.pro.br\/wp\/wp-content\/uploads\/2022\/12\/laborat_logo-2048x730.png 2048w\" sizes=\"auto, (max-width: 134px) 100vw, 134px\" \/> <img loading=\"lazy\" decoding=\"async\" class=\"alignnone  wp-image-1284\" src=\"https:\/\/senna.pro.br\/wp\/wp-content\/uploads\/2022\/12\/indice_identidade-300x136.png\" alt=\"\" width=\"106\" height=\"48\" srcset=\"https:\/\/senna.pro.br\/wp\/wp-content\/uploads\/2022\/12\/indice_identidade-300x136.png 300w, https:\/\/senna.pro.br\/wp\/wp-content\/uploads\/2022\/12\/indice_identidade-1024x463.png 1024w, https:\/\/senna.pro.br\/wp\/wp-content\/uploads\/2022\/12\/indice_identidade-768x347.png 768w, https:\/\/senna.pro.br\/wp\/wp-content\/uploads\/2022\/12\/indice_identidade-750x350.png 750w, https:\/\/senna.pro.br\/wp\/wp-content\/uploads\/2022\/12\/indice_identidade.png 1240w\" sizes=\"auto, (max-width: 106px) 100vw, 106px\" \/> <img loading=\"lazy\" decoding=\"async\" class=\"alignnone  wp-image-1286\" src=\"https:\/\/senna.pro.br\/wp\/wp-content\/uploads\/2022\/12\/indice_investigacao-300x136.png\" alt=\"\" width=\"106\" height=\"48\" srcset=\"https:\/\/senna.pro.br\/wp\/wp-content\/uploads\/2022\/12\/indice_investigacao-300x136.png 300w, https:\/\/senna.pro.br\/wp\/wp-content\/uploads\/2022\/12\/indice_investigacao-1024x463.png 1024w, https:\/\/senna.pro.br\/wp\/wp-content\/uploads\/2022\/12\/indice_investigacao-768x347.png 768w, https:\/\/senna.pro.br\/wp\/wp-content\/uploads\/2022\/12\/indice_investigacao-750x350.png 750w, https:\/\/senna.pro.br\/wp\/wp-content\/uploads\/2022\/12\/indice_investigacao.png 1240w\" sizes=\"auto, (max-width: 106px) 100vw, 106px\" \/> <img loading=\"lazy\" decoding=\"async\" class=\"alignnone  wp-image-1287\" src=\"https:\/\/senna.pro.br\/wp\/wp-content\/uploads\/2022\/12\/indice_hibrido-300x136.png\" alt=\"\" width=\"106\" height=\"48\" srcset=\"https:\/\/senna.pro.br\/wp\/wp-content\/uploads\/2022\/12\/indice_hibrido-300x136.png 300w, https:\/\/senna.pro.br\/wp\/wp-content\/uploads\/2022\/12\/indice_hibrido-1024x463.png 1024w, https:\/\/senna.pro.br\/wp\/wp-content\/uploads\/2022\/12\/indice_hibrido-768x347.png 768w, https:\/\/senna.pro.br\/wp\/wp-content\/uploads\/2022\/12\/indice_hibrido-750x350.png 750w, https:\/\/senna.pro.br\/wp\/wp-content\/uploads\/2022\/12\/indice_hibrido.png 1240w\" sizes=\"auto, (max-width: 106px) 100vw, 106px\" \/> <img loading=\"lazy\" decoding=\"async\" class=\"alignnone  wp-image-1288\" src=\"https:\/\/senna.pro.br\/wp\/wp-content\/uploads\/2022\/12\/indice_equidade-300x136.png\" alt=\"\" width=\"106\" height=\"48\" srcset=\"https:\/\/senna.pro.br\/wp\/wp-content\/uploads\/2022\/12\/indice_equidade-300x136.png 300w, https:\/\/senna.pro.br\/wp\/wp-content\/uploads\/2022\/12\/indice_equidade-1024x463.png 1024w, https:\/\/senna.pro.br\/wp\/wp-content\/uploads\/2022\/12\/indice_equidade-768x347.png 768w, https:\/\/senna.pro.br\/wp\/wp-content\/uploads\/2022\/12\/indice_equidade-750x350.png 750w, https:\/\/senna.pro.br\/wp\/wp-content\/uploads\/2022\/12\/indice_equidade.png 1240w\" sizes=\"auto, (max-width: 106px) 100vw, 106px\" \/><img loading=\"lazy\" decoding=\"async\" class=\"alignnone wp-image-129\" src=\"https:\/\/senna.pro.br\/wp\/wp-content\/uploads\/2020\/04\/logo_gplinguagem.jpg\" alt=\"grupo de pesquisa Linguagem Cogni\u00e7\u00e3o Humana e Processos Educacionais\" width=\"164\" height=\"49\" \/><\/p>\n\n\n<hr class=\"wp-block-separator has-alpha-channel-opacity\"\/>\n\n\n\n<figure class=\"wp-block-image size-large\"><img loading=\"lazy\" decoding=\"async\" width=\"1024\" height=\"576\" src=\"https:\/\/senna.pro.br\/wp\/wp-content\/uploads\/2022\/12\/fundo_logo_4_cor-1024x576.png\" alt=\"Laborat\" class=\"wp-image-1372\" srcset=\"https:\/\/senna.pro.br\/wp\/wp-content\/uploads\/2022\/12\/fundo_logo_4_cor-1024x576.png 1024w, https:\/\/senna.pro.br\/wp\/wp-content\/uploads\/2022\/12\/fundo_logo_4_cor-300x169.png 300w, https:\/\/senna.pro.br\/wp\/wp-content\/uploads\/2022\/12\/fundo_logo_4_cor-768x432.png 768w, https:\/\/senna.pro.br\/wp\/wp-content\/uploads\/2022\/12\/fundo_logo_4_cor.png 1280w\" sizes=\"auto, (max-width: 1024px) 100vw, 1024px\" \/><\/figure>\n\n\n\n<div class=\"wp-block-columns alignfull is-layout-flex wp-container-core-columns-is-layout-28f84493 wp-block-columns-is-layout-flex\">\n<div class=\"wp-block-column is-layout-flow wp-block-column-is-layout-flow\" style=\"flex-basis:50%\">\n<div class=\"wp-block-cover is-light wp-duotone-rgb188147106-ffffff-2\" style=\"min-height:314px;aspect-ratio:unset;\"><span aria-hidden=\"true\" class=\"wp-block-cover__background has-background-dim-100 has-background-dim\" style=\"background-color:#f6f6f6\"><\/span><div class=\"wp-block-cover__inner-container is-layout-flow wp-block-cover-is-layout-flow\">\n<figure class=\"wp-block-image size-medium wp-duotone-rgb1569864-ffffff-1\"><img loading=\"lazy\" decoding=\"async\" width=\"300\" height=\"136\" src=\"https:\/\/senna.pro.br\/wp\/wp-content\/uploads\/2022\/12\/identidade-300x136.png\" alt=\"\" class=\"wp-image-1304\" srcset=\"https:\/\/senna.pro.br\/wp\/wp-content\/uploads\/2022\/12\/identidade-300x136.png 300w, https:\/\/senna.pro.br\/wp\/wp-content\/uploads\/2022\/12\/identidade-1024x463.png 1024w, https:\/\/senna.pro.br\/wp\/wp-content\/uploads\/2022\/12\/identidade-768x347.png 768w, https:\/\/senna.pro.br\/wp\/wp-content\/uploads\/2022\/12\/identidade.png 1240w\" sizes=\"auto, (max-width: 300px) 100vw, 300px\" \/><\/figure>\n<\/div><\/div>\n<\/div>\n\n\n\n<div class=\"wp-block-column is-vertically-aligned-center is-layout-flow wp-block-column-is-layout-flow\" style=\"padding-top:1em;padding-right:1em;padding-bottom:1em;padding-left:1em\">\n<div class=\"wp-block-columns is-layout-flex wp-container-core-columns-is-layout-28f84493 wp-block-columns-is-layout-flex\">\n<div class=\"wp-block-column is-layout-flow wp-block-column-is-layout-flow\" style=\"flex-basis:320px\">\n<p class=\"has-text-align-left has-small-font-size\" style=\"line-height:1.6\"><strong><mark style=\"background-color:rgba(0, 0, 0, 0)\" class=\"has-inline-color has-black-color\">Laborat<\/mark><\/strong><br><br><mark style=\"background-color:rgba(0, 0, 0, 0)\" class=\"has-inline-color has-black-color\"><em>labor<\/em> &#8211; <em>lat<\/em>.: trabalho, of\u00edcio; <em>at <\/em>&#8211; do <em>ing<\/em>.: &#8220;em&#8221;, na cultura digital &#8220;@&#8221;, neste lugar; <em>laborat &#8211;<\/em>&nbsp;<em>lat.:<\/em> que est\u00e1 e funcionamento, em opera\u00e7\u00e3o.<\/mark><\/p>\n\n\n\n<p class=\"has-text-align-left has-small-font-size\" style=\"line-height:1.6\"><em>labor<\/em> &#8211; <em>lat<\/em>.: work, craft; <em>at<\/em> &#8211; prep. locative, also &#8220;@&#8221; in digital culture, at a certain place; <em>laborat &#8211; lat.:<\/em>&nbsp;that is working, operative<\/p>\n<\/div>\n<\/div>\n<\/div>\n<\/div>\n","protected":false},"excerpt":{"rendered":"<p>\u00a0 Laborat labor &#8211; lat.: trabalho, of\u00edcio; at &#8211; do ing.: &#8220;em&#8221;, na cultura digital &#8220;@&#8221;, neste lugar; laborat &#8211;&nbsp;lat.: que est\u00e1 e funcionamento, em opera\u00e7\u00e3o. labor &#8211; lat.: work, craft; at &#8211; prep. locative, also &#8220;@&#8221; in digital culture,<\/p>\n","protected":false},"author":1,"featured_media":0,"parent":0,"menu_order":0,"comment_status":"closed","ping_status":"closed","template":"","meta":{"footnotes":""},"class_list":["post-1254","page","type-page","status-publish","hentry","","tg-column-two"],"_links":{"self":[{"href":"https:\/\/senna.pro.br\/wp\/wp-json\/wp\/v2\/pages\/1254","targetHints":{"allow":["GET"]}}],"collection":[{"href":"https:\/\/senna.pro.br\/wp\/wp-json\/wp\/v2\/pages"}],"about":[{"href":"https:\/\/senna.pro.br\/wp\/wp-json\/wp\/v2\/types\/page"}],"author":[{"embeddable":true,"href":"https:\/\/senna.pro.br\/wp\/wp-json\/wp\/v2\/users\/1"}],"replies":[{"embeddable":true,"href":"https:\/\/senna.pro.br\/wp\/wp-json\/wp\/v2\/comments?post=1254"}],"version-history":[{"count":17,"href":"https:\/\/senna.pro.br\/wp\/wp-json\/wp\/v2\/pages\/1254\/revisions"}],"predecessor-version":[{"id":1570,"href":"https:\/\/senna.pro.br\/wp\/wp-json\/wp\/v2\/pages\/1254\/revisions\/1570"}],"wp:attachment":[{"href":"https:\/\/senna.pro.br\/wp\/wp-json\/wp\/v2\/media?parent=1254"}],"curies":[{"name":"wp","href":"https:\/\/api.w.org\/{rel}","templated":true}]}}