{"id":3,"date":"2022-12-07T11:51:05","date_gmt":"2022-12-07T14:51:05","guid":{"rendered":"http:\/\/senna.pro.br\/laborat\/?page_id=3"},"modified":"2022-12-14T21:15:58","modified_gmt":"2022-12-15T00:15:58","slug":"politica-de-privacidade","status":"publish","type":"page","link":"https:\/\/senna.pro.br\/laborat\/?page_id=3","title":{"rendered":"Pol\u00edtica de privacidade"},"content":{"rendered":"\n<p>Este \u00e9 um portal de car\u00e1ter estritamente acad\u00eamico, sem fins comerciais, comprometido com os valores \u00e9ticos que regem a pesquisa e a conduta acad\u00eamica, no interesse do desenvolvimento da Educa\u00e7\u00e3o e da forma\u00e7\u00e3o de professores. Design e composi\u00e7\u00e3o a cargo de\u00a0<em>Luiz Antonio Gomes Senna,\u00a0<\/em>sobre o tema\u00a0<em>Spacious<\/em>\u00a0desenvolvido por\u00a0<em><a href=\"https:\/\/themegrill.com\/themes\/spacious\">ThemeGrill<\/a><\/em>\u00ae (<a href=\"http:\/\/www.themegrill.com\/\">www.themegrill.com<\/a>), em ambiente\u00a0<em>WordPress Cloud Community,\u00a0<\/em>ancorado por KingHost Ltda. (<a href=\"http:\/\/www.kinghost.com.br\/\">www.kinghost.com.br<\/a>).<\/p>\n\n\n\n<p><sup>\u00a9<\/sup>Luiz A. G. Senna<br><sup>Primeira edi\u00e7\u00e3o:<\/sup>\u00a02022\u00a0<br>Universidade do Estado do Rio de Janeiro, Rio de Janeiro, RJ \/ Brasil<\/p>\n\n\n\n<p><strong>Dados pessoais<\/strong><\/p>\n\n\n\n<p>Este site n\u00e3o coleta ou armazena dados pessoais de seus visitantes, mas mant\u00e9m registro dos endere\u00e7os de IP para fins estat\u00edsticos. Endere\u00e7os de IP s\u00e3o dados de car\u00e1ter p\u00fablico ostensivo, inerentes ao processo de navega\u00e7\u00e3o na internet, que poder\u00e3o ser utilizados para fins legais sem necessidade de anu\u00eancia das partes envolvidas, a saber, o visitante, a ger\u00eancia do portal e a King Host Ltda.&nbsp;<strong>Ao navegar pelas p\u00e1ginas do portal e seus servi\u00e7os, o usu\u00e1rio tem consci\u00eancia de que seu endere\u00e7o de IP \u00e9 identificado e registrado para fins de consulta e\/ou investiga\u00e7\u00f5es legais.<\/strong><\/p>\n\n\n\n<p><strong>M\u00eddia e servi\u00e7os incorporados<\/strong><\/p>\n\n\n\n<p>A m\u00eddia pessoal vinculada \u00e0s p\u00e1ginas do portal \u00e9 protegida por direitos autorais universais. Sua utiliza\u00e7\u00e3o \u00e9 franqueada a terceiros desde que atendidos os princ\u00edpios de declara\u00e7\u00e3o de origem e autoria, na forma de cita\u00e7\u00e3o de fonte em formato ABNT, APA ou equivalente aplic\u00e1vel ao contexto de utiliza\u00e7\u00e3o.<\/p>\n\n\n\n<p>Servi\u00e7os gerenciais de consulta de dados e plataformas especializadas em EAD encontram-se vinculados ao portal atrav\u00e9s de dom\u00ednio integrado, empregando tecnologias&nbsp;<em>MySQL\/Maria<\/em>\u00ae e Moodle Community \u2013 Brasil.<\/p>\n","protected":false},"excerpt":{"rendered":"<p>Este \u00e9 um portal de car\u00e1ter estritamente acad\u00eamico, sem fins comerciais, comprometido com os valores \u00e9ticos que regem a pesquisa e a conduta acad\u00eamica, no interesse do desenvolvimento da Educa\u00e7\u00e3o e da forma\u00e7\u00e3o de professores. Design e composi\u00e7\u00e3o a cargo<\/p>\n","protected":false},"author":1,"featured_media":0,"parent":0,"menu_order":0,"comment_status":"closed","ping_status":"open","template":"","meta":{"footnotes":""},"class_list":["post-3","page","type-page","status-publish","hentry","","tg-column-two"],"_links":{"self":[{"href":"https:\/\/senna.pro.br\/laborat\/index.php?rest_route=\/wp\/v2\/pages\/3","targetHints":{"allow":["GET"]}}],"collection":[{"href":"https:\/\/senna.pro.br\/laborat\/index.php?rest_route=\/wp\/v2\/pages"}],"about":[{"href":"https:\/\/senna.pro.br\/laborat\/index.php?rest_route=\/wp\/v2\/types\/page"}],"author":[{"embeddable":true,"href":"https:\/\/senna.pro.br\/laborat\/index.php?rest_route=\/wp\/v2\/users\/1"}],"replies":[{"embeddable":true,"href":"https:\/\/senna.pro.br\/laborat\/index.php?rest_route=%2Fwp%2Fv2%2Fcomments&post=3"}],"version-history":[{"count":1,"href":"https:\/\/senna.pro.br\/laborat\/index.php?rest_route=\/wp\/v2\/pages\/3\/revisions"}],"predecessor-version":[{"id":123,"href":"https:\/\/senna.pro.br\/laborat\/index.php?rest_route=\/wp\/v2\/pages\/3\/revisions\/123"}],"wp:attachment":[{"href":"https:\/\/senna.pro.br\/laborat\/index.php?rest_route=%2Fwp%2Fv2%2Fmedia&parent=3"}],"curies":[{"name":"wp","href":"https:\/\/api.w.org\/{rel}","templated":true}]}}